{"id":9,"date":"2018-11-01T08:04:59","date_gmt":"2018-11-01T07:04:59","guid":{"rendered":"http:\/\/localhost\/m-webdesign\/?page_id=9"},"modified":"2022-10-27T20:34:49","modified_gmt":"2022-10-27T18:34:49","slug":"startseite","status":"publish","type":"page","link":"https:\/\/www.mschmidt-webdesign.de\/","title":{"rendered":"Startseite"},"content":{"rendered":"<h1>Moderne, ansprechende Webseiten aus dem Weserbergland<\/h1>\n<h4>Ich hei\u00dfe Sie herzlich willkommen auf meiner Webseite. Meine Name ist Michael Schmidt und ich erstelle f\u00fcr Sie Webdesigns nach ihren W\u00fcnschen.<\/h4>\n<p>Steigern Sie Ihren Bekanntheitsgrad durch Ihrer Webseite! Ihr Internetauftritt ist die digitale Visitenkarte Ihres Unternehmens.<br \/>\nAnsprechend gestaltet und optimal f\u00fcr Suchmaschinen aufbereitet kann auch Ihre Homepage Ihren Unternehmenserfolg nachhaltig steigern.<\/p>\n<p>Sie m\u00f6chten &#8230;<\/p>\n<p>Eine eigene, individuelle Homepage?<\/p>\n<ul>\n<li>Ein neues Webdesign?<\/li>\n<li>Endlich in Suchmaschinen gefunden zu werden?<\/li>\n<li>Eine Erweiterung oder Verbesserung Ihrer Webseiten?<\/li>\n<\/ul>\n<p>Ich biete Ihnen \u2026<\/p>\n<ul>\n<li>Einen Internetauftritt, der Ihr Unternehmen passend repr\u00e4sentiert.<\/li>\n<li>Modernes, ansprechendes Webdesign \u2013 standardkonform und flexibel.<\/li>\n<li>Suchmaschinenoptimierung auch f\u00fcr Ihren bestehenden Internetauftritt.<\/li>\n<li>Die Einrichtung und Wartung eines Content Management Systems (CMS)<\/li>\n<li>Auch in kleinen monatlichen Raten bezahlbar<\/li>\n<\/ul>\n<p>Gerne entwickle ich f\u00fcr Sie einen erfolgreichen, benutzerfreundlichen Internetauftritt. Dabei haben Sie mit mir stets einen verl\u00e4sslichen, pers\u00f6nlichen Ansprechpartner f\u00fcr alle Fragen rund ums Webdesign und Suchmaschinenoptimierung (SEO).<\/p>\n","protected":false},"excerpt":{"rendered":"<p>Moderne, ansprechende Webseiten aus dem Weserbergland Ich hei\u00dfe Sie herzlich willkommen auf meiner Webseite. Meine Name ist Michael Schmidt und ich erstelle f\u00fcr Sie Webdesigns nach ihren W\u00fcnschen. Steigern Sie Ihren Bekanntheitsgrad durch Ihrer Webseite! Ihr Internetauftritt ist die digitale Visitenkarte Ihres Unternehmens. Ansprechend gestaltet und optimal f\u00fcr Suchmaschinen aufbereitet kann auch Ihre Homepage Ihren &hellip; <\/p>\n<p class=\"link-more\"><a href=\"https:\/\/www.mschmidt-webdesign.de\/\" class=\"more-link\"><span class=\"screen-reader-text\">\u201eStartseite\u201c<\/span> weiterlesen<\/a><\/p>\n","protected":false},"author":1,"featured_media":0,"parent":0,"menu_order":0,"comment_status":"closed","ping_status":"closed","template":"","meta":{"footnotes":""},"class_list":["post-9","page","type-page","status-publish","hentry"],"_links":{"self":[{"href":"https:\/\/www.mschmidt-webdesign.de\/index.php?rest_route=\/wp\/v2\/pages\/9","targetHints":{"allow":["GET"]}}],"collection":[{"href":"https:\/\/www.mschmidt-webdesign.de\/index.php?rest_route=\/wp\/v2\/pages"}],"about":[{"href":"https:\/\/www.mschmidt-webdesign.de\/index.php?rest_route=\/wp\/v2\/types\/page"}],"author":[{"embeddable":true,"href":"https:\/\/www.mschmidt-webdesign.de\/index.php?rest_route=\/wp\/v2\/users\/1"}],"replies":[{"embeddable":true,"href":"https:\/\/www.mschmidt-webdesign.de\/index.php?rest_route=%2Fwp%2Fv2%2Fcomments&post=9"}],"version-history":[{"count":6,"href":"https:\/\/www.mschmidt-webdesign.de\/index.php?rest_route=\/wp\/v2\/pages\/9\/revisions"}],"predecessor-version":[{"id":171,"href":"https:\/\/www.mschmidt-webdesign.de\/index.php?rest_route=\/wp\/v2\/pages\/9\/revisions\/171"}],"wp:attachment":[{"href":"https:\/\/www.mschmidt-webdesign.de\/index.php?rest_route=%2Fwp%2Fv2%2Fmedia&parent=9"}],"curies":[{"name":"wp","href":"https:\/\/api.w.org\/{rel}","templated":true}]}}